{"id":31319,"date":"2014-05-30T10:28:05","date_gmt":"2014-05-30T10:28:05","guid":{"rendered":"https:\/\/dev.verdestenerife.com\/eigenschaftenliste-seitenleiste-links\/"},"modified":"2023-01-05T11:51:23","modified_gmt":"2023-01-05T11:51:23","slug":"eigenschaftenliste-seitenleiste-links","status":"publish","type":"page","link":"https:\/\/verdestenerife.com\/de\/eigenschaftenliste-seitenleiste-links\/","title":{"rendered":"Eigenschaftsliste &#8211; Linke Seitenleiste"},"content":{"rendered":"<p><strong>Lorem Ipsum<\/strong> ist einfach ein Blindtext der Druck- und Setzindustrie. Lorem Ipsum ist seit dem Jahr 1500, als ein unbekannter Drucker eine Druckfahne nahm und sie zu einem Musterbuch verarbeitete, der Standard f\u00fcr Blindtexte in der Branche. Sie hat nicht nur f\u00fcnf Jahrhunderte, sondern auch den Sprung zum elektronischen Schriftsatz \u00fcberlebt und ist im Wesentlichen unver\u00e4ndert geblieben. Popul\u00e4r wurde es in den 1960er Jahren mit der Ver\u00f6ffentlichung von Letraset-B\u00f6gen, die Lorem-Ipsum-Passagen enthielten, und in j\u00fcngerer Zeit mit Desktop-Publishing-Software wie Aldus PageMaker, die Versionen von Lorem Ipsum enth\u00e4lt.<\/p>\n","protected":false},"excerpt":{"rendered":"<p>Lorem Ipsum ist einfach ein Blindtext der Druck- und Setzindustrie. Lorem Ipsum ist seit dem Jahr 1500, als ein unbekannter Drucker eine Druckfahne nahm und sie zu einem Musterbuch verarbeitete, der Standard f\u00fcr Blindtexte in der Branche. Sie hat nicht nur f\u00fcnf Jahrhunderte, sondern auch den Sprung zum elektronischen Schriftsatz \u00fcberlebt und ist im Wesentlichen unver\u00e4ndert geblieben. Popul\u00e4r wurde es in den 1960er Jahren &#8230;<\/p>\n","protected":false},"author":1,"featured_media":0,"parent":0,"menu_order":0,"comment_status":"open","ping_status":"closed","template":"page-templates\/property_list.php","meta":{"_monsterinsights_skip_tracking":false,"_monsterinsights_sitenote_active":false,"_monsterinsights_sitenote_note":"","_monsterinsights_sitenote_category":0,"footnotes":""},"class_list":["post-31319","page","type-page","status-publish","hentry"],"_links":{"self":[{"href":"https:\/\/verdestenerife.com\/de\/wp-json\/wp\/v2\/pages\/31319","targetHints":{"allow":["GET"]}}],"collection":[{"href":"https:\/\/verdestenerife.com\/de\/wp-json\/wp\/v2\/pages"}],"about":[{"href":"https:\/\/verdestenerife.com\/de\/wp-json\/wp\/v2\/types\/page"}],"author":[{"embeddable":true,"href":"https:\/\/verdestenerife.com\/de\/wp-json\/wp\/v2\/users\/1"}],"replies":[{"embeddable":true,"href":"https:\/\/verdestenerife.com\/de\/wp-json\/wp\/v2\/comments?post=31319"}],"version-history":[{"count":0,"href":"https:\/\/verdestenerife.com\/de\/wp-json\/wp\/v2\/pages\/31319\/revisions"}],"wp:attachment":[{"href":"https:\/\/verdestenerife.com\/de\/wp-json\/wp\/v2\/media?parent=31319"}],"curies":[{"name":"wp","href":"https:\/\/api.w.org\/{rel}","templated":true}]}}