{"id":32282,"date":"2022-12-08T13:28:52","date_gmt":"2022-12-08T13:28:52","guid":{"rendered":"https:\/\/dev.verdestenerife.com\/datenschutz-kopie\/"},"modified":"2023-01-09T10:23:25","modified_gmt":"2023-01-09T10:23:25","slug":"datenschutz-kopie","status":"publish","type":"page","link":"https:\/\/verdestenerife.com\/de\/datenschutz-kopie\/","title":{"rendered":"Rechtlicher Hinweis"},"content":{"rendered":"\t\t<div data-elementor-type=\"wp-page\" data-elementor-id=\"32282\" class=\"elementor elementor-32282 elementor-32274\" data-elementor-post-type=\"page\">\n\t\t\t\t\t\t<section class=\"elementor-section elementor-top-section elementor-element elementor-element-d3750c8 elementor-section-full_width elementor-section-stretched elementor-section-height-default elementor-section-height-default elementor-invisible\" data-id=\"d3750c8\" data-element_type=\"section\" data-e-type=\"section\" data-settings=\"{&quot;animation&quot;:&quot;fadeIn&quot;,&quot;stretch_section&quot;:&quot;section-stretched&quot;}\">\n\t\t\t\t\t\t<div class=\"elementor-container elementor-column-gap-default\">\n\t\t\t\t\t<div class=\"elementor-column elementor-col-100 elementor-top-column elementor-element elementor-element-41c660f\" data-id=\"41c660f\" data-element_type=\"column\" data-e-type=\"column\">\n\t\t\t<div class=\"elementor-widget-wrap elementor-element-populated\">\n\t\t\t\t\t\t<div class=\"elementor-element elementor-element-9ec4f67 elementor-widget elementor-widget-heading\" data-id=\"9ec4f67\" data-element_type=\"widget\" data-e-type=\"widget\" data-widget_type=\"heading.default\">\n\t\t\t\t<div class=\"elementor-widget-container\">\n\t\t\t\t\t<h2 class=\"elementor-heading-title elementor-size-default\">Rechtlicher Hinweis<\/h2>\t\t\t\t<\/div>\n\t\t\t\t<\/div>\n\t\t\t\t\t<\/div>\n\t\t<\/div>\n\t\t\t\t\t<\/div>\n\t\t<\/section>\n\t\t\t\t<section class=\"elementor-section elementor-top-section elementor-element elementor-element-419a962 elementor-section-full_width elementor-section-stretched elementor-section-height-default elementor-section-height-default elementor-invisible\" data-id=\"419a962\" data-element_type=\"section\" data-e-type=\"section\" data-settings=\"{&quot;stretch_section&quot;:&quot;section-stretched&quot;,&quot;animation&quot;:&quot;fadeInUp&quot;}\">\n\t\t\t\t\t\t<div class=\"elementor-container elementor-column-gap-default\">\n\t\t\t\t\t<div class=\"elementor-column elementor-col-100 elementor-top-column elementor-element elementor-element-6454518c\" data-id=\"6454518c\" data-element_type=\"column\" data-e-type=\"column\">\n\t\t\t<div class=\"elementor-widget-wrap elementor-element-populated\">\n\t\t\t\t\t\t<div class=\"elementor-element elementor-element-1b6177f5 elementor-widget elementor-widget-text-editor\" data-id=\"1b6177f5\" data-element_type=\"widget\" data-e-type=\"widget\" data-widget_type=\"text-editor.default\">\n\t\t\t\t<div class=\"elementor-widget-container\">\n\t\t\t\t\t\t\t\t\t\n<h3><b>RECHTLICHE INFORMATIONEN<\/b><\/h3>\n\n<p>Gem\u00e4\u00df den Bestimmungen von Artikel 10 des Gesetzes 34\/2002 vom 11. Juli \u00fcber die Dienste der Informationsgesellschaft und den elektronischen Handel teilen wir Ihnen hiermit mit, dass  <b>Acantilados de Los Gigantes Verde&#8217;s und Villar-Entwicklungen<\/b>von nun an,  <b>Verde&#8217;s Teneriffa  <\/b>  ist das Unternehmen, das die in der Internetadresse enthaltenen Dienste anbietet.<\/p>\n\n<h3><b>OBJEKT<\/b><\/h3>\n\n<p>Der Zweck dieser Nutzungsbedingungen (im Folgenden die Bedingungen) ist es, den Zugang, die Navigation und die Nutzung der Website (im Folgenden das Portal, das Webportal, die Website oder die Webseite) zu regeln.  <a href=\"https:\/\/verdestenerife.com\/\">https:\/\/verdestenerife.com<\/a>  Der Zugang, das Surfen und\/oder die Nutzung des Portals setzt die Annahme aller in diesen Bedingungen enthaltenen Bestimmungen sowie der Datenschutzpolitik und der Cookies-Politik voraus.<\/p>\n<p>Es gibt jedoch bestimmte Dienste und Inhalte, die \u00fcber das Webportal zug\u00e4nglich sind und f\u00fcr die besondere Bedingungen gelten, die die vorliegenden Bedingungen ersetzen und\/oder erg\u00e4nzen k\u00f6nnen.<\/p>\n\n<h3><b>BENUTZERSTATUS<\/b><\/h3>\n\n<p>Unter Benutzer ist die Person zu verstehen, die auf das Webportal, die Dienste und\/oder die darin enthaltenen Inhalte zugreift, diese durchsucht und nutzt.<\/p>\n<p>F\u00fcr das Browsen, den Zugang und die Nutzung des Webportals ist keine vorherige Registrierung erforderlich. Es werden jedoch bestimmte Dienste angeboten, f\u00fcr deren Nutzung eine Registrierung und die Annahme der spezifischen Bedingungen f\u00fcr den jeweiligen Dienst erforderlich sind.<\/p>\n<p>Der Zugriff von Minderj\u00e4hrigen auf das Webportal gilt als ausdr\u00fccklich von den Eltern, Vorm\u00fcndern oder gesetzlichen Vertretern genehmigt, die f\u00fcr die Handlungen der Minderj\u00e4hrigen als Nutzer des Webs gem\u00e4\u00df den geltenden Vorschriften haften.<\/p>\n\n<h3><b>BENUTZERANFORDERUNGEN<\/b><\/h3>\n\n<p>Um auf das Portal und die angebotenen Dienste zugreifen zu k\u00f6nnen, ben\u00f6tigen Sie ein Ger\u00e4t, das die Anforderungen an die Hardware- und Softwarekompatibilit\u00e4t (die sich im Laufe der Zeit \u00e4ndern kann) und den Internetzugang erf\u00fcllt. Der Nutzer muss sich dar\u00fcber im Klaren sein, dass diese Faktoren die Leistung des Webportals und\/oder die M\u00f6glichkeit des Zugriffs auf die dort angebotenen Dienste beeinflussen k\u00f6nnen.<\/p>\n<p><b>Verde&#8217;s Tenerife, <\/b>ist nicht verantwortlich f\u00fcr die Unm\u00f6glichkeit des Zugangs oder M\u00e4ngel in der Funktionsweise des Web-Portals und \/ oder Dienstleistungen, die durch die Verwendung von ungeeigneten Ger\u00e4ten oder Internet-Service-Unterbrechungen, die sich aus Netzwerk-S\u00e4ttigung oder einem anderen Grund.<\/p>\n\n<h3><b>BENUTZUNGSREGELN<\/b><\/h3>\n\n<p>Nutzung des Dienstes: Der Nutzer verpflichtet sich in jedem Fall, das Portal und seine Dienste in sorgf\u00e4ltiger, korrekter und rechtm\u00e4\u00dfiger Weise zu nutzen, in \u00dcbereinstimmung mit dem Gesetz, dem Rechtlichen Hinweis, den vorliegenden Bedingungen (und\/oder den im Einzelfall anwendbaren), den Benutzungsvorschriften und den ihnen bekannt gemachten Anweisungen sowie mit der Moral, den allgemein anerkannten guten Sitten und der \u00f6ffentlichen Ordnung.<\/p>\n<p>Zu diesem Zweck unterl\u00e4sst er jede rechtswidrige, verbotene oder die Rechte und Interessen Dritter verletzende Handlung, die in irgendeiner Weise die normale Nutzung der Dienste, der EDV-Anlagen oder der Dokumente, Dateien und Inhalte aller Art, die in den EDV-Anlagen des Verantwortlichen, der anderen Nutzer oder der Internetnutzer (Hardware und Software) gespeichert sind, besch\u00e4digen, unbrauchbar machen, \u00fcberlasten, verschlechtern oder behindern k\u00f6nnte.<\/p>\n<p>Zugangskontrolle: Der Benutzer kann nur auf die Ressourcen des Informationssystems zugreifen, f\u00fcr die er berechtigt ist.<\/p>\n<p>Tempor\u00e4re Dateien: <b>Verde&#8217;s Tenerife<\/b>, ist in keiner Weise verantwortlich f\u00fcr die Informationen, die der Benutzer aus den Systemen exportiert.<\/p>\n<p><strong>Nutzungsbedingungen:<\/strong> Bei der Nutzung des Webportals ist der Nutzer daf\u00fcr verantwortlich, dass die von ihm bearbeiteten Informationen nicht von Unbefugten eingesehen werden k\u00f6nnen.<\/p>\n<p>Der Nutzer erkl\u00e4rt sich ausdr\u00fccklich damit einverstanden, Folgendes nicht zu speichern, zu verwenden, zu \u00fcbermitteln oder zu verbreiten<\/p>\n<p>Cracks, Software-Seriennummern oder andere Inhalte, die die geistigen Eigentumsrechte Dritter verletzen.<\/p>\n<p>Verbreitung von Viren \u00fcber das Internet, W\u00fcrmern, Trojanern oder anderen zerst\u00f6rerischen Aktivit\u00e4ten wie S\u00e4ttigung, Mailbombing usw. oder Denial-of-Service-Angriffen.<\/p>\n<p>Aktivit\u00e4ten, die die effektive Nutzung der Netzressourcen anderer Personen st\u00f6ren oder beeintr\u00e4chtigen.<\/p>\n<p>Das Sammeln und\/oder Verwenden von pers\u00f6nlichen Daten anderer Nutzer ohne deren ausdr\u00fcckliche Zustimmung oder unter Versto\u00df gegen Datenschutzbestimmungen.<\/p>\n<p>die Daten, Programme oder elektronischen Dokumente von <b>Verde &#8216;s Tenerife oder <\/b>Dritten zu zerst\u00f6ren, zu ver\u00e4ndern, zu deaktivieren oder anderweitig zu besch\u00e4digen.<\/p>\n<p>den Zugang anderer Nutzer durch massive und ungerechtfertigte Inanspruchnahme der EDV-Ressourcen zu behindern, \u00fcber die <b>Verde&#8217;s Tenerife<\/b> einen seiner Dienste anbietet, sowie durch Handlungen, die diese Systeme besch\u00e4digen, unterbrechen oder Fehler erzeugen.<\/p>\n<p>Nutzung des Systems f\u00fcr den Versuch, ohne ordnungsgem\u00e4\u00dfe Genehmigung von <b>Verde &#8216;s Tenerife<\/b> auf eingeschr\u00e4nkte Bereiche des Servers zuzugreifen.<\/p>\n\n<h3><b>GEISTIGES UND GEWERBLICHES EIGENTUM<\/b><\/h3>\n\n<p>Das Design, die Bilder, die Zeichen, die Unterscheidungsmerkmale, die Handelsnamen, die Marken, die Logos, die Produkte und die Dienstleistungen usw., die in der Website enthalten sind, sind durch das Gesetz \u00fcber das gewerbliche Eigentum gesch\u00fctzt und sind Eigentum von  <\/p>\n<p><b>Verde&#8217;s Tenerife<\/b>, ohne dass die Nutzung oder der Zugang zum Web-Portal und \/ oder die darin angebotenen Dienstleistungen, gibt dem Benutzer alle Rechte \u00fcber das Design, Bilder, Zeichen, Logos, Unterscheidungszeichen, Handelsnamen, Marken, Logos, Produkte und Dienstleistungen.<\/p>\n<p>Au\u00dferdem sind die Website, ihr Quellcode und der Inhalt, auf den \u00fcber diese Website zugegriffen wird, geistiges Eigentum von <b>Verde&#8217;s Tenerife<\/b>, ohne dass sie in irgendeiner Weise auf den Benutzer \u00fcbertragen werden.<\/p>\n<p><b>Verde&#8217;s Tenerife <\/b>ist Eigent\u00fcmer oder Lizenznehmer aller Rechte an den Inhalten des Webportals und den dar\u00fcber angebotenen Dienstleistungen. Der Zugriff auf die Website oder ihre Dienste gew\u00e4hrt dem Nutzer keinerlei Rechte oder Eigentum an den geistigen oder gewerblichen Eigentumsrechten an den darin enthaltenen Inhalten. Der Nutzer nimmt zur Kenntnis und akzeptiert, dass die Nutzung der Website sowie ihre Vervielf\u00e4ltigung, Weitergabe und\/oder Verbreitung, Ver\u00e4nderung, Ab\u00e4nderung oder Dekompilierung sowohl f\u00fcr den pers\u00f6nlichen, privaten und nicht gewinnorientierten Gebrauch als auch f\u00fcr kommerzielle oder gewinnorientierte Zwecke streng verboten ist.<\/p>\n<p><b>Verde&#8217;s Tenerife<\/b> beh\u00e4lt sich das Recht vor, rechtliche Schritte gegen Nutzer einzuleiten, die gegen die Rechte an geistigem und gewerblichem Eigentum versto\u00dfen oder diese verletzen.<\/p>\n\n<h3><b>NUTZERVERANTWORTUNG<\/b><\/h3>\n\n<p>Der Nutzer ist verantwortlich f\u00fcr:<\/p>\n<p>Stellen Sie <b>Verde&#8217;s Tenerife<\/b> korrekte Informationen zur Verf\u00fcgung, f\u00fcr eventuelle Fehler in den angegebenen Daten sind Sie allein verantwortlich. Ebenso ist der Nutzer daf\u00fcr verantwortlich, alle Informationen, die er <b>Verde&#8217;s Tenerife<\/b> zur Verf\u00fcgung stellt, auf dem neuesten Stand zu halten, damit diese jederzeit auf die tats\u00e4chliche Situation des Nutzers reagieren k\u00f6nnen.<\/p>\n<p>Sch\u00e4den, die <b>Verde&#8217;s Tenerife<\/b> oder Dritten aufgrund der zur Verf\u00fcgung gestellten Daten durch die Verwendung von nicht aktualisierten, falschen oder nicht der Realit\u00e4t entsprechenden Daten sowie durch die Verwendung der pers\u00f6nlichen Passw\u00f6rter des Benutzers durch Dritte entstehen k\u00f6nnen.<\/p>\n\n<h3><b>VERF\u00dcGBARKEIT VON DIENSTLEISTUNGEN<\/b><\/h3>\n\n<p>Die Informationen, Inhalte oder Dienstleistungen, die \u00fcber die Website angeboten werden, sind diejenigen, die <b>Verde&#8217;s Tenerife <\/b>zu einem bestimmten Zeitpunkt beschlie\u00dft und k\u00f6nnen sich im Laufe der Zeit \u00e4ndern. Daher besteht f\u00fcr <b>Verde&#8217;s Tenerife <\/b>keine Verpflichtung, die Dienste verf\u00fcgbar zu halten. Sie unterrichtet jedoch die Nutzer, wenn sie beschlie\u00dft, die Kontinuit\u00e4t eines bestimmten Dienstes aufzuheben, und teilt ihnen die Bedingungen f\u00fcr die Einstellung des Dienstes mit.<\/p>\n<p>Au\u00dferdem kann <b>Verde&#8217;s Tenerife <\/b>den Zugang zu den Diensten ganz oder teilweise f\u00fcr diejenigen Nutzer sperren, die gegen diese Bedingungen versto\u00dfen.<\/p>\n\n<h3><b>GEW\u00c4HRLEISTUNG UND HAFTUNG  <\/b><\/h3>\n\n<p>Obwohl <b>Verde&#8217;s Tenerife <\/b>Systeme verwendet, die mit den meisten auf dem Markt erh\u00e4ltlichen Technologien kompatibel sind, kann die Kompatibilit\u00e4t der vom Nutzer verwendeten Ger\u00e4te nicht garantiert werden.<\/p>\n<p>Sie garantiert nicht die Verf\u00fcgbarkeit und Kontinuit\u00e4t des Betriebs des Portals oder der angebotenen Dienste. Sie ist von jeglicher Haftung befreit, die sich aus dem Zugang zur und der Nutzung der Website oder der \u00fcber sie angebotenen Dienste ergibt (Leistungsst\u00f6rungen, Unterbrechungen oder Verz\u00f6gerungen beim Betrieb der Dienste, System- oder Leitungsausfall usw.), auch wenn es sich um einen Ausfall oder eine St\u00f6rung handelt, die Sch\u00e4den an Computerwerkzeugen Dritter verursacht. In diesem Sinne greift der Nutzer auf die Website und die Dienste unter seiner alleinigen Verantwortung zu.<\/p>\n<p>Die \u00fcber die Website angebotenen Dienstleistungen entsprechen den Bestimmungen des spanischen Rechts.<\/p>\n<p><b>Verde&#8217;s Tenerife<\/b> ist von jeglicher Haftung im Falle eines Missbrauchs des Portals und \/ oder der Dienstleistungen durch den Benutzer befreit.<\/p>\n<p><b>Verde&#8217;s Teneriffa <\/b>haftet nicht f\u00fcr die Nichtverf\u00fcgbarkeit von Dienstleistungen aufgrund h\u00f6herer Gewalt oder vor\u00fcbergehender Aussetzung derselben aus technischen Gr\u00fcnden. Sie \u00fcbernimmt daher keinerlei Haftung f\u00fcr Sch\u00e4den oder Verluste, die infolge von Ereignissen entstehen, die nicht vorhersehbar waren oder die aufgrund unvorhersehbarer Umst\u00e4nde oder h\u00f6herer Gewalt als unvermeidbar angesehen wurden.<\/p>\n<p><b>Verde&#8217;s Teneriffa <\/b>haftet nicht f\u00fcr Ausf\u00e4lle, technische Fehler, Unf\u00e4lle, Pannen, Manipulationen, Unterbrechungen der Dienstleistungen oder andere Vorf\u00e4lle, die bei Produkten, Ger\u00e4ten oder technischen Dienstleistungen au\u00dferhalb der eigenen entstehen k\u00f6nnen, deren Nutzung f\u00fcr den Zugang zu den Dienstleistungen notwendig ist.<\/p>\n<p>Trotz der Tatsache, dass  <\/p>\n<p><b>Verde&#8217;s Tenerife <\/b>hat sorgf\u00e4ltig gehandelt und die nach dem Stand der Technik notwendigen Ma\u00dfnahmen ergriffen, um m\u00f6gliche Verletzungen der Sicherheit des Portals zu verhindern, wir k\u00f6nnen jedoch nicht die absolute Unm\u00f6glichkeit einer Anf\u00e4lligkeit der getroffenen Sicherheitsma\u00dfnahmen garantieren.<\/p>\n<p><b>Verde&#8217;s Tenerife <\/b>ist nicht verantwortlich f\u00fcr die Rechtm\u00e4\u00dfigkeit anderer Websites Dritter, von denen aus Sie auf das Portal zugreifen k\u00f6nnen. Sie ist auch nicht verantwortlich f\u00fcr die Rechtm\u00e4\u00dfigkeit anderer Websites Dritter, die mit diesem Portal verlinkt sind oder von dort aus verlinkt werden k\u00f6nnen.<\/p>\n\t\t\t\t\t\t\t\t<\/div>\n\t\t\t\t<\/div>\n\t\t\t\t\t<\/div>\n\t\t<\/div>\n\t\t\t\t\t<\/div>\n\t\t<\/section>\n\t\t\t\t<\/div>\n\t\t","protected":false},"excerpt":{"rendered":"<p>Rechtlicher Hinweis RECHTLICHE INFORMATIONEN Gem\u00e4\u00df den Bestimmungen von Artikel 10 des Gesetzes 34\/2002 vom 11. Juli \u00fcber die Dienste der Informationsgesellschaft und den elektronischen Handel teilen wir Ihnen hiermit mit, dass Acantilados de Los Gigantes Verde&#8217;s und Villar-Entwicklungenvon nun an, Verde&#8217;s Teneriffa ist das Unternehmen, das die in der Internetadresse enthaltenen Dienste anbietet. OBJEKT Der Zweck dieser Nutzungsbedingungen (im Folgenden die Bedingungen) ist es, &#8230;<\/p>\n","protected":false},"author":1,"featured_media":0,"parent":0,"menu_order":0,"comment_status":"closed","ping_status":"closed","template":"","meta":{"_monsterinsights_skip_tracking":false,"_monsterinsights_sitenote_active":false,"_monsterinsights_sitenote_note":"","_monsterinsights_sitenote_category":0,"footnotes":""},"class_list":["post-32282","page","type-page","status-publish","hentry"],"_links":{"self":[{"href":"https:\/\/verdestenerife.com\/de\/wp-json\/wp\/v2\/pages\/32282","targetHints":{"allow":["GET"]}}],"collection":[{"href":"https:\/\/verdestenerife.com\/de\/wp-json\/wp\/v2\/pages"}],"about":[{"href":"https:\/\/verdestenerife.com\/de\/wp-json\/wp\/v2\/types\/page"}],"author":[{"embeddable":true,"href":"https:\/\/verdestenerife.com\/de\/wp-json\/wp\/v2\/users\/1"}],"replies":[{"embeddable":true,"href":"https:\/\/verdestenerife.com\/de\/wp-json\/wp\/v2\/comments?post=32282"}],"version-history":[{"count":0,"href":"https:\/\/verdestenerife.com\/de\/wp-json\/wp\/v2\/pages\/32282\/revisions"}],"wp:attachment":[{"href":"https:\/\/verdestenerife.com\/de\/wp-json\/wp\/v2\/media?parent=32282"}],"curies":[{"name":"wp","href":"https:\/\/api.w.org\/{rel}","templated":true}]}}