{"id":31306,"date":"2022-11-19T11:29:55","date_gmt":"2022-11-19T11:29:55","guid":{"rendered":"https:\/\/dev.verdestenerife.com\/dashboard-search-results\/"},"modified":"2023-06-21T08:17:03","modified_gmt":"2023-06-21T08:17:03","slug":"dashboard-search-results","status":"publish","type":"page","link":"https:\/\/verdestenerife.com\/en\/dashboard-search-results\/","title":{"rendered":"Dashboard &#8211; Search Results"},"content":{"rendered":"\t\t<div data-elementor-type=\"wp-page\" data-elementor-id=\"31306\" class=\"elementor elementor-31306 elementor-21\" data-elementor-post-type=\"page\">\n\t\t\t\t\t\t<header class=\"elementor-section elementor-top-section elementor-element elementor-element-1ac4e152 buscador elementor-section-boxed elementor-section-height-default elementor-section-height-default elementor-invisible\" data-id=\"1ac4e152\" data-element_type=\"section\" data-e-type=\"section\" id=\"buscador\" data-settings=\"{&quot;animation&quot;:&quot;fadeIn&quot;,&quot;animation_delay&quot;:100}\">\n\t\t\t\t\t\t<div class=\"elementor-container elementor-column-gap-default\">\n\t\t\t\t\t<div class=\"elementor-column elementor-col-100 elementor-top-column elementor-element elementor-element-627ebf69\" data-id=\"627ebf69\" data-element_type=\"column\" data-e-type=\"column\">\n\t\t\t<div class=\"elementor-widget-wrap elementor-element-populated\">\n\t\t\t\t\t\t<div class=\"elementor-element elementor-element-5ffc7703 elementor-widget elementor-widget-WpResidence_Search_Form_Builder\" data-id=\"5ffc7703\" data-element_type=\"widget\" data-e-type=\"widget\" data-widget_type=\"WpResidence_Search_Form_Builder.default\">\n\t\t\t\t<div class=\"elementor-widget-container\">\n\t\t\t\t\t   \n    <div class=\"search_wrapper search_wr_elementor search_wr_elementor_shadow_true \"> \n        <div class=\"search_wrapper_color\"><\/div>\n        \n               \n        <div class=\"wpestate-adv-holder\">\n            <form role=\"search\" method=\"get\" action=\"https:\/\/verdestenerife.com\/en\/search-results\/\" ><div class=\"elemenentor_submit_wrapper elementor-field-group form-group  form_field_show_labels_true  elementor-column elementor-col-25\" ><button name=\"submit\" type=\"submit\" class=\"wpresidence_button  search_button_use_hover_effect_notrue\"  value=\"buscar\"><div class=\"elementor-icon\"><\/div>buscar<\/button><\/div><input type=\"hidden\" name=\"elementor_form_id\" value=\"31306\"><\/form>        <\/div>\n        \n    <\/div>\n        \n    \t\t\t\t<\/div>\n\t\t\t\t<\/div>\n\t\t\t\t\t<\/div>\n\t\t<\/div>\n\t\t\t\t\t<\/div>\n\t\t<\/header>\n\t\t\t\t<\/div>\n\t\t","protected":false},"excerpt":{"rendered":"<p>Alquiler Venta Ubicaci\u00f3n Ubicaci\u00f3n Cities Acantilados De Los Gigantes Price range: 0 to 5.000.000 Price range: 0 to 5.000.000 buscar Ubicaci\u00f3n Ubicaci\u00f3n Cities Acantilados De Los Gigantes Price range: 0 to 5.000.000 buscar<\/p>\n","protected":false},"author":1,"featured_media":0,"parent":0,"menu_order":0,"comment_status":"closed","ping_status":"closed","template":"page-templates\/advanced_search_results.php","meta":{"_monsterinsights_skip_tracking":false,"_monsterinsights_sitenote_active":false,"_monsterinsights_sitenote_note":"","_monsterinsights_sitenote_category":0,"footnotes":""},"class_list":["post-31306","page","type-page","status-publish","hentry"],"_links":{"self":[{"href":"https:\/\/verdestenerife.com\/en\/wp-json\/wp\/v2\/pages\/31306","targetHints":{"allow":["GET"]}}],"collection":[{"href":"https:\/\/verdestenerife.com\/en\/wp-json\/wp\/v2\/pages"}],"about":[{"href":"https:\/\/verdestenerife.com\/en\/wp-json\/wp\/v2\/types\/page"}],"author":[{"embeddable":true,"href":"https:\/\/verdestenerife.com\/en\/wp-json\/wp\/v2\/users\/1"}],"replies":[{"embeddable":true,"href":"https:\/\/verdestenerife.com\/en\/wp-json\/wp\/v2\/comments?post=31306"}],"version-history":[{"count":3,"href":"https:\/\/verdestenerife.com\/en\/wp-json\/wp\/v2\/pages\/31306\/revisions"}],"predecessor-version":[{"id":42818,"href":"https:\/\/verdestenerife.com\/en\/wp-json\/wp\/v2\/pages\/31306\/revisions\/42818"}],"wp:attachment":[{"href":"https:\/\/verdestenerife.com\/en\/wp-json\/wp\/v2\/media?parent=31306"}],"curies":[{"name":"wp","href":"https:\/\/api.w.org\/{rel}","templated":true}]}}