{"id":31343,"date":"2014-10-22T12:36:54","date_gmt":"2014-10-22T12:36:54","guid":{"rendered":"https:\/\/dev.verdestenerife.com\/terms-and-coditions\/"},"modified":"2023-01-13T09:05:41","modified_gmt":"2023-01-13T09:05:41","slug":"cookies-policy","status":"publish","type":"page","link":"https:\/\/verdestenerife.com\/en\/cookies-policy\/","title":{"rendered":"Cookies policy"},"content":{"rendered":"\t\t<div data-elementor-type=\"wp-page\" data-elementor-id=\"31343\" class=\"elementor elementor-31343 elementor-2972\" data-elementor-post-type=\"page\">\n\t\t\t\t\t\t<section class=\"elementor-section elementor-top-section elementor-element elementor-element-55394c2 elementor-section-full_width elementor-section-stretched elementor-section-height-default elementor-section-height-default elementor-invisible\" data-id=\"55394c2\" data-element_type=\"section\" data-e-type=\"section\" data-settings=\"{&quot;animation&quot;:&quot;fadeIn&quot;,&quot;stretch_section&quot;:&quot;section-stretched&quot;}\">\n\t\t\t\t\t\t<div class=\"elementor-container elementor-column-gap-default\">\n\t\t\t\t\t<div class=\"elementor-column elementor-col-100 elementor-top-column elementor-element elementor-element-d577d10\" data-id=\"d577d10\" data-element_type=\"column\" data-e-type=\"column\">\n\t\t\t<div class=\"elementor-widget-wrap elementor-element-populated\">\n\t\t\t\t\t\t<div class=\"elementor-element elementor-element-87ede40 elementor-widget elementor-widget-heading\" data-id=\"87ede40\" data-element_type=\"widget\" data-e-type=\"widget\" data-widget_type=\"heading.default\">\n\t\t\t\t<div class=\"elementor-widget-container\">\n\t\t\t\t\t<h2 class=\"elementor-heading-title elementor-size-default\">Pol\u00edtica de cookies<\/h2>\t\t\t\t<\/div>\n\t\t\t\t<\/div>\n\t\t\t\t\t<\/div>\n\t\t<\/div>\n\t\t\t\t\t<\/div>\n\t\t<\/section>\n\t\t\t\t<section class=\"elementor-section elementor-top-section elementor-element elementor-element-d828de8 elementor-section-full_width elementor-section-stretched elementor-section-height-default elementor-section-height-default elementor-invisible\" data-id=\"d828de8\" data-element_type=\"section\" data-e-type=\"section\" data-settings=\"{&quot;stretch_section&quot;:&quot;section-stretched&quot;,&quot;animation&quot;:&quot;fadeInUp&quot;}\">\n\t\t\t\t\t\t<div class=\"elementor-container elementor-column-gap-default\">\n\t\t\t\t\t<div class=\"elementor-column elementor-col-100 elementor-top-column elementor-element elementor-element-486a077\" data-id=\"486a077\" data-element_type=\"column\" data-e-type=\"column\">\n\t\t\t<div class=\"elementor-widget-wrap elementor-element-populated\">\n\t\t\t\t\t\t<div class=\"elementor-element elementor-element-b2c8ae4 elementor-widget elementor-widget-text-editor\" data-id=\"b2c8ae4\" data-element_type=\"widget\" data-e-type=\"widget\" data-widget_type=\"text-editor.default\">\n\t\t\t\t<div class=\"elementor-widget-container\">\n\t\t\t\t\t\t\t\t\t<h3><b>Uso de cookies y tecnolog\u00eda de seguimiento<\/b><\/h3>\n<p>Las cookies y otras tecnolog\u00edas de seguimiento, entre otras finalidades, nos permiten recordar sus preferencias y reconocerle en sucesivas visitas. Esto se consigue almacenando en tu equipo cierta informaci\u00f3n.<\/p>\n<h3><b>\u00bfQu\u00e9 es una cookie?<\/b><\/h3>\n<p>Una cookie es un dispositivo que se descarga en el equipo terminal de un usuario con la finalidad de almacenar datos que podr\u00e1n ser actualizados y recuperados por la entidad responsable de su instalaci\u00f3n.<\/p>\n<p>Las cookies forman parte del Sitio Web. Cuando usted accede al Sitio Web, este hace que el navegador cree en su dispositivo (ordenador, tableta, tel\u00e9fono, etc.) peque\u00f1os ficheros con informaci\u00f3n necesaria para el funcionamiento del Sitio Web. Estos ficheros (que son las cookies propiamente) forman parte de la tecnolog\u00eda necesaria para el correcto funcionamiento del Sitio Web y no son inherentemente perjudiciales.<\/p>\n<p>Las cookies se instalan y almacenan en su dispositivo y permiten seguir el rastro de su actividad en Internet.<\/p>\n<p>Puede desactivar completamente el uso de cookies en el apartado de configuraci\u00f3n de su navegador. Puede desactivar las cookies, pero el Sitio Web o algunas de sus secciones podr\u00edan no funcionar correctamente.<\/p>\n<h3><b>\u00bfQu\u00e9 tipo de cookies utilizamos?<\/b><\/h3>\n<p>Seg\u00fan la entidad que las gestione, las cookies pueden ser:<\/p>\n<p><b>Cookies propias<\/b>: Son aquellas que se env\u00edan al equipo terminal del interesado desde un equipo o dominio gestionado por el propio editor y desde el que se presta el servicio solicitado por el usuario.<\/p>\n<p><b>Cookies de tercero<\/b>: Son aquellas que se env\u00edan al equipo terminal del usuario desde un equipo o dominio que no es gestionado por el editor, sino por otra entidad que trata los datos obtenidos trav\u00e9s de las cookies.<\/p>\n<p>El Sitio Web utiliza tanto cookies propias como de terceros.<\/p>\n<p>Seg\u00fan el plazo de tiempo que permanecen activadas:<\/p>\n<p><b>Cookies de sesi\u00f3n<\/b>: Son un tipo de cookies dise\u00f1adas para recabar y almacenar datos mientras el usuario accede a una p\u00e1gina web. Se suelen emplear para almacenar informaci\u00f3n que solo interesa conservar para la prestaci\u00f3n del servicio solicitado por el usuario en una sola ocasi\u00f3n (p.ej. una lista de productos adquiridos).<\/p>\n<p><b>Cookies persistentes<\/b>: Son un tipo de cookies en el que los datos siguen almacenados en el terminal y pueden ser accedidos y tratados durante un periodo definido por el responsable de la cookie, y que puede ir de unos minutos a varios a\u00f1os.<\/p>\n<p>El Sitio Web utiliza tanto cookies persistentes como cookies de sesi\u00f3n.<\/p>\n<h3><b>\u00bfPara qu\u00e9 finalidades pueden ser utilizadas las cookies del Sitio web?<\/b><\/h3>\n<p><b>Cookies t\u00e9cnicas<\/b>: Son aqu\u00e9llas que permiten al usuario la navegaci\u00f3n a trav\u00e9s de una p\u00e1gina web, plataforma o aplicaci\u00f3n y la utilizaci\u00f3n de las diferentes opciones o servicios que en ella existan como, por ejemplo, controlar el tr\u00e1fico y la comunicaci\u00f3n de datos, identificar la sesi\u00f3n, acceder a partes de acceso restringido, recordar los elementos que integran un pedido, realizar el proceso de compra de un pedido, realizar la solicitud de inscripci\u00f3n o participaci\u00f3n en un evento, utilizar elementos de seguridad durante la navegaci\u00f3n, almacenar contenidos para la difusi\u00f3n de videos o sonido o compartir contenidos a trav\u00e9s de redes sociales.<\/p>\n<p><b>Cookies de personalizaci\u00f3n<\/b>: Son aqu\u00e9llas que permiten al usuario acceder al servicio con algunas caracter\u00edsticas de car\u00e1cter general predefinidas en funci\u00f3n de una serie de criterios en el terminal del usuario como por ejemplo serian el idioma, el tipo de navegador a trav\u00e9s del cual accede al servicio, la configuraci\u00f3n regional desde donde accede al servicio, etc.<\/p>\n<p><b>Cookies de an\u00e1lisis<\/b>: Son aqu\u00e9llas que permiten al responsable de las mismas, el seguimiento y an\u00e1lisis del comportamiento de los usuarios de los sitios web a los que est\u00e1n vinculadas. La informaci\u00f3n recogida mediante este tipo de cookies se utiliza en la medici\u00f3n de la actividad de los sitios web, aplicaci\u00f3n o plataforma y para la elaboraci\u00f3n de perfiles de navegaci\u00f3n de los usuarios de dichos sitios, aplicaciones y plataformas, con el fin de introducir mejoras en funci\u00f3n del an\u00e1lisis de los datos de uso que hacen los usuarios del servicio.<\/p>\n<p><b>Cookies publicitarias<\/b>: Son aqu\u00e9llas que permiten la gesti\u00f3n, de la forma m\u00e1s eficaz posible, de los espacios publicitarios que, en su caso, el editor haya incluido en una p\u00e1gina web, aplicaci\u00f3n o plataforma desde la que presta el servicio solicitado en base a criterios como el contenido editado o la frecuencia en la que se muestran los anuncios.<\/p>\n<p><b>Cookies de publicidad comportamental<\/b>: Son aqu\u00e9llas que permiten la gesti\u00f3n, de la forma m\u00e1s eficaz posible, de los espacios publicitarios que, en su caso, el editor haya incluido en una p\u00e1gina web, aplicaci\u00f3n o plataforma desde la que presta el servicio solicitado. Estas cookies almacenan informaci\u00f3n del comportamiento de los usuarios obtenida a trav\u00e9s de la observaci\u00f3n continuada de sus h\u00e1bitos de navegaci\u00f3n, lo que permite desarrollar un perfil espec\u00edfico para mostrar publicidad en funci\u00f3n del mismo.<\/p>\n<p>El Sitio Web utiliza cookies para las finalidades citadas.<\/p>\n<h3>\u00bf<b>Qu\u00e9 tecnolog\u00edas de seguimiento utilizamos?<\/b><\/h3>\n<p>Adem\u00e1s de las cookies, existen otras tecnolog\u00edas que nos permiten hacer seguimiento de su navegaci\u00f3n y obtener informaci\u00f3n sobre su actividad en el Sitio Web.<\/p>\n<p>Hay otras tecnolog\u00edas que se emplean con fines similares a las cookies, como el almacenamiento local de HTML5, los tags y los objetos locales compartidos (LSO). Los LSO son utilizados por los autores de los archivos le\u00eddos por Adobe\u00ae Flash\u00ae Player y los sitios web que alojan estos archivos (m\u00e1s informaci\u00f3n sobre Flash Player y los LSO). Utilizamos almacenamiento local de HTML5, LSO y tecnolog\u00edas similares para autenticarle, realizando un seguimiento de la informaci\u00f3n que nos ha proporcionado y recordar sus preferencias. Cuando se utilicen este tipo de tecnolog\u00edas se puede almacenar informaci\u00f3n de forma offline, como los sitios web visitados en su dispositivo y transferirla a nuestros servidores la pr\u00f3xima vez que se conecte en l\u00ednea a nuestro servicio.<\/p>\n<h3><b>Archivos de registro<\/b><\/h3>\n<p>Cada vez que usted accede a nuestra web, su navegador de internet nos transmite determinados datos de uso por motivos t\u00e9cnicos que se almacenan en archivos de protocolo, conocidos como archivos de registro. Dichos datos de uso son los siguientes: fecha y hora de acceso a nuestra web; nombre de la web consultada; direcci\u00f3n IP de su ordenador o dispositivo m\u00f3vil; direcci\u00f3n de la web desde la que ha accedido a nuestra web; volumen de datos transferidos y nombre y versi\u00f3n de su navegador.<\/p>\n<p>El an\u00e1lisis de los archivos de registro nos ayuda a mejorar nuestros productos de internet y a facilitar su consulta, a buscar y eliminar errores r\u00e1pidamente y a controlar las capacidades del servidor.<\/p>\n<h3><b>Plugins sociales<\/b><\/h3>\n<p>Un \u201cplug-in\u201d o complemento es una aplicaci\u00f3n (o programa inform\u00e1tico) que se relaciona con otra para agregarle una funci\u00f3n nueva y generalmente muy espec\u00edfica.<\/p>\n<h3><b>Balizas web y secuencias de comandos incrustadas<\/b><\/h3>\n<p>Las balizas web (web beacoms, web bugs, faros web\u2026) y las secuencias de comandos incrustadas son otras tecnolog\u00edas que utilizamos en el Sitio Web, as\u00ed como en algunos de nuestros correos electr\u00f3nicos y anuncios.<\/p>\n<p>Las balizas web (o \u201cetiquetas\u201d) son fragmentos de c\u00f3digo de programaci\u00f3n que se incluyen en el Sitio Web, correos electr\u00f3nicos y anuncios para informar a <b>Nombre cliente<\/b> (o a las empresas que nos ayudan a realizar nuestras operaciones) de que dichas p\u00e1ginas web, correos electr\u00f3nicos o anuncios han sido vistos o se ha hecho clic en ellos.<\/p>\n<p>Las secuencias de comandos incrustadas son fragmentos de c\u00f3digo de programaci\u00f3n que se incluyen en el Sitio Web para medir el uso de estas p\u00e1ginas web, como por ejemplo en qu\u00e9 v\u00ednculos se hace click. Utilizamos esta informaci\u00f3n para mejorar el Sitio Web y adaptarlo a los temas que probablemente m\u00e1s le interesen, as\u00ed como para realizar estudios de mercado.<\/p>\n<p>Puede desactivar las funciones de secuencias de comandos, como el lenguaje JavaScript, en su navegador (consulte la funci\u00f3n de ayuda de su navegador). Recuerde que si deshabilita por completo las funciones de secuencias de comandos, es posible que los sitios web de Adobe no funcionen correctamente.<\/p>\n<h3><b>\u00bfC\u00f3mo puedo desactivar las cookies?<\/b><\/h3>\n<p>Puede configurar su navegador para que rechace todas las cookies. Sin embargo, es posible que algunas caracter\u00edsticas o servicios de la Web no funcionen correctamente sin cookies. La mayor\u00eda de navegadores te permiten desactivar completamente las cookies, de manera que Usted podr\u00e1 en cualquier momento elegir qu\u00e9 cookies quiere que funcionen en este Sitio Web modificando la configuraci\u00f3n de su navegador. Puede encontrar m\u00e1s informaci\u00f3n en la configuraci\u00f3n de su navegador. A continuaci\u00f3n, le facilitamos tambi\u00e9n los enlaces a las webs de los principales de los navegadores:<\/p>\n<table>\n<tbody>\n<tr>\n<td><b>Firefox<\/b><\/td>\n<td>\n<ul>\n<li>Haga clic en el \u00edcono \u201cHerramientas\u201d del navegador y seleccione el men\u00fa \u201cOpciones\u201d.<\/li>\n<li>En la ventana que aparece seleccione \u201cPrivacidad\u201d y haga clic en \u201cVer las cookies\u201d.<\/li>\n<li>Seleccione las cookies que desea rechazar y haga clic en \u201cEliminar\u201d.<\/li>\n<\/ul>\n<\/td>\n<\/tr>\n<tr>\n<td><b>Chrome<\/b><\/td>\n<td>\n<ul>\n<li>Haga clic en el icono \u201cHerramientas\u201d, seleccione el men\u00fa \u201cOpciones\u201d y, a continuaci\u00f3n, haga clic en la pesta\u00f1a \u201cOpciones avanzadas\u201d e ingrese en la secci\u00f3n \u201cPrivacidad\u201d.<\/li>\n<li>Haga clic en el bot\u00f3n \u201cMostrar cookies\u201d.<\/li>\n<li>Seleccione las cookies que desea rechazar y haga clic en \u201cEliminar\u201d.<\/li>\n<\/ul>\n<\/td>\n<\/tr>\n<tr>\n<td><b>Safari<\/b><\/td>\n<td>\n<ul>\n<li>Haga clic en el icono \u201cEditar\u201d y seleccione el men\u00fa \u201cPreferencias\u201d.<\/li>\n<li>Haga clic en \u201cSeguridad\u201d y despu\u00e9s en \u201cVer las cookies\u201d.<\/li>\n<li>Seleccione las cookies que desea rechazar y haga clic en \u201cEliminar\u201d<\/li>\n<\/ul>\n<\/td>\n<\/tr>\n<tr>\n<td><b>Explorer<\/b><\/td>\n<td>\n<ul>\n<li>Haga clic en el bot\u00f3n \u201cHerramientas\u201d y, a continuaci\u00f3n, en \u201cOpciones de Internet\u201d.<\/li>\n<li>Desde la pesta\u00f1a \u201cGeneral\u201d acceda al \u201cHistorial de navegaci\u00f3n\u201d y haga clic en \u201cConfiguraci\u00f3n\u201d.<\/li>\n<li>Haga clic en el bot\u00f3n \u201cMostrar archivos\u201d.<\/li>\n<li>Seleccione las cookies que desea rechazar y haga clic en \u201cEliminar\u201d.<\/li>\n<\/ul>\n<\/td>\n<\/tr>\n<\/tbody>\n<\/table>\n\t\t\t\t\t\t\t\t<\/div>\n\t\t\t\t<\/div>\n\t\t\t\t\t<\/div>\n\t\t<\/div>\n\t\t\t\t\t<\/div>\n\t\t<\/section>\n\t\t\t\t<\/div>\n\t\t","protected":false},"excerpt":{"rendered":"<p>Pol\u00edtica de cookies Uso de cookies y tecnolog\u00eda de seguimiento Las cookies y otras tecnolog\u00edas de seguimiento, entre otras finalidades, nos permiten recordar sus preferencias y reconocerle en sucesivas visitas. Esto se consigue almacenando en tu equipo cierta informaci\u00f3n. \u00bfQu\u00e9 es una cookie? Una cookie es un dispositivo que se descarga en el equipo terminal de un usuario con la finalidad de almacenar datos &#8230;<\/p>\n","protected":false},"author":1,"featured_media":0,"parent":0,"menu_order":0,"comment_status":"closed","ping_status":"closed","template":"","meta":{"_monsterinsights_skip_tracking":false,"_monsterinsights_sitenote_active":false,"_monsterinsights_sitenote_note":"","_monsterinsights_sitenote_category":0,"footnotes":""},"class_list":["post-31343","page","type-page","status-publish","hentry"],"_links":{"self":[{"href":"https:\/\/verdestenerife.com\/en\/wp-json\/wp\/v2\/pages\/31343","targetHints":{"allow":["GET"]}}],"collection":[{"href":"https:\/\/verdestenerife.com\/en\/wp-json\/wp\/v2\/pages"}],"about":[{"href":"https:\/\/verdestenerife.com\/en\/wp-json\/wp\/v2\/types\/page"}],"author":[{"embeddable":true,"href":"https:\/\/verdestenerife.com\/en\/wp-json\/wp\/v2\/users\/1"}],"replies":[{"embeddable":true,"href":"https:\/\/verdestenerife.com\/en\/wp-json\/wp\/v2\/comments?post=31343"}],"version-history":[{"count":0,"href":"https:\/\/verdestenerife.com\/en\/wp-json\/wp\/v2\/pages\/31343\/revisions"}],"wp:attachment":[{"href":"https:\/\/verdestenerife.com\/en\/wp-json\/wp\/v2\/media?parent=31343"}],"curies":[{"name":"wp","href":"https:\/\/api.w.org\/{rel}","templated":true}]}}